{"id":2,"date":"2021-01-21T15:25:52","date_gmt":"2021-01-21T15:25:52","guid":{"rendered":"http:\/\/thebarkagency.ar\/?page_id=2"},"modified":"2023-03-02T02:01:38","modified_gmt":"2023-03-02T02:01:38","slug":"pagina-ejemplo","status":"publish","type":"page","link":"https:\/\/www.thebarkagency.ar\/","title":{"rendered":"P\u00e1gina de ejemplo"},"content":{"rendered":"<p>[et_pb_section fb_built=&#8221;1&#8243; _builder_version=&#8221;4.20.0&#8243; _module_preset=&#8221;default&#8221; custom_margin=&#8221;0px||0px||false|false&#8221; custom_padding=&#8221;0px||0px||false|false&#8221; global_colors_info=&#8221;{}&#8221;][et_pb_row _builder_version=&#8221;4.20.0&#8243; _module_preset=&#8221;default&#8221; width=&#8221;100%&#8221; max_width=&#8221;2560px&#8221; custom_padding=&#8221;0px||0px||false|false&#8221; global_colors_info=&#8221;{}&#8221;][et_pb_column type=&#8221;4_4&#8243; _builder_version=&#8221;4.20.0&#8243; _module_preset=&#8221;default&#8221; global_colors_info=&#8221;{}&#8221;][et_pb_image title_text=&#8221;Video Slider Principal&#8221; _builder_version=&#8221;4.20.0&#8243; _module_preset=&#8221;default&#8221; background_video_mp4=&#8221;http:\/\/thebarkagency.ar\/wp-content\/uploads\/2023\/03\/IMG_2789.mp4&#8243; custom_padding=&#8221;700px||||false|false&#8221; hover_enabled=&#8221;0&#8243; global_colors_info=&#8221;{}&#8221; custom_padding_last_edited=&#8221;on|phone&#8221; sticky_enabled=&#8221;0&#8243; custom_padding_phone=&#8221;200px||||false|false&#8221; custom_padding_tablet=&#8221;700px||||false|false&#8221;][\/et_pb_image][\/et_pb_column][\/et_pb_row][\/et_pb_section][et_pb_section fb_built=&#8221;1&#8243; _builder_version=&#8221;4.20.0&#8243; _module_preset=&#8221;default&#8221; background_color=&#8221;#FFFFFF&#8221; custom_padding=&#8221;40px||||false|false&#8221; global_colors_info=&#8221;{}&#8221;][et_pb_row column_structure=&#8221;1_2,1_2&#8243; _builder_version=&#8221;4.20.0&#8243; _module_preset=&#8221;default&#8221; width=&#8221;90%&#8221; width_tablet=&#8221;85%&#8221; width_phone=&#8221;90%&#8221; width_last_edited=&#8221;on|phone&#8221; max_width=&#8221;2560px&#8221; global_colors_info=&#8221;{}&#8221;][et_pb_column type=&#8221;1_2&#8243; _builder_version=&#8221;4.20.0&#8243; _module_preset=&#8221;default&#8221; global_colors_info=&#8221;{}&#8221;][et_pb_text _builder_version=&#8221;4.20.0&#8243; _module_preset=&#8221;default&#8221; text_font=&#8221;|700|||||||&#8221; text_text_color=&#8221;#000000&#8243; text_font_size=&#8221;70px&#8221; text_line_height=&#8221;1em&#8221; header_font=&#8221;||||||||&#8221; header_font_size=&#8221;70px&#8221; custom_padding=&#8221;||30px||false|false&#8221; hover_enabled=&#8221;0&#8243; text_font_size_tablet=&#8221;80px&#8221; text_font_size_phone=&#8221;50px&#8221; text_font_size_last_edited=&#8221;on|phone&#8221; global_colors_info=&#8221;{}&#8221; header_font_size_last_edited=&#8221;on|phone&#8221; sticky_enabled=&#8221;0&#8243; header_font_size_phone=&#8221;45px&#8221; custom_padding_last_edited=&#8221;on|phone&#8221; custom_padding_phone=&#8221;||10px||false|false&#8221; header_font_size_tablet=&#8221;70px&#8221; custom_padding_tablet=&#8221;||30px||false|false&#8221;]<\/p>\n<h1>\u00bfqu\u00e9 hacemos?<\/h1>\n<p>[\/et_pb_text][et_pb_accordion open_toggle_text_color=&#8221;#000000&#8243; open_toggle_background_color=&#8221;RGBA(255,255,255,0)&#8221; closed_toggle_text_color=&#8221;#000000&#8243; closed_toggle_background_color=&#8221;RGBA(255,255,255,0)&#8221; toggle_icon=&#8221;&#x4c;||divi||400&#8243; icon_color=&#8221;#000000&#8243; use_icon_font_size=&#8221;on&#8221; icon_font_size=&#8221;30px&#8221; _builder_version=&#8221;4.20.0&#8243; _module_preset=&#8221;default&#8221; toggle_text_color=&#8221;#000000&#8243; toggle_font=&#8221;HelveticaNeue-Bold|700|||||||&#8221; toggle_font_size=&#8221;22px&#8221; closed_toggle_font=&#8221;HelveticaNeue-Bold|700|||||||&#8221; closed_toggle_font_size=&#8221;22px&#8221; body_font=&#8221;||||||||&#8221; body_text_color=&#8221;#000000&#8243; body_font_size=&#8221;16px&#8221; background_enable_color=&#8221;off&#8221; custom_padding=&#8221;||||false|false&#8221; custom_padding_phone=&#8221;||||false|false&#8221; custom_padding_last_edited=&#8221;off|phone&#8221; toggle_font_size_tablet=&#8221;22px&#8221; toggle_font_size_phone=&#8221;16px&#8221; toggle_font_size_last_edited=&#8221;on|phone&#8221; closed_toggle_font_size_tablet=&#8221;22px&#8221; closed_toggle_font_size_phone=&#8221;16px&#8221; closed_toggle_font_size_last_edited=&#8221;on|phone&#8221; body_font_size_tablet=&#8221;16px&#8221; body_font_size_phone=&#8221;14px&#8221; body_font_size_last_edited=&#8221;on|phone&#8221; border_width_all=&#8221;0px&#8221; border_color_all=&#8221;#000000&#8243; border_width_bottom=&#8221;3px&#8221; border_width_bottom_tablet=&#8221;3px&#8221; border_width_bottom_phone=&#8221;2px&#8221; border_width_bottom_last_edited=&#8221;on|phone&#8221; global_colors_info=&#8221;{}&#8221;][et_pb_accordion_item open=&#8221;on&#8221; _builder_version=&#8221;4.20.0&#8243; _module_preset=&#8221;default&#8221; custom_padding=&#8221;0px||15px||false|false&#8221; custom_padding_tablet=&#8221;0px||30px||false|false&#8221; custom_padding_phone=&#8221;10px||20px||false|false&#8221; custom_padding_last_edited=&#8221;on|phone&#8221; custom_css_main_element=&#8221;display:none;&#8221; global_colors_info=&#8221;{}&#8221;][\/et_pb_accordion_item][et_pb_accordion_item title=&#8221;gesti\u00f3n de social media&#8221; _builder_version=&#8221;4.20.0&#8243; _module_preset=&#8221;default&#8221; background_enable_color=&#8221;off&#8221; custom_padding=&#8221;13px||15px||false|false&#8221; custom_padding_tablet=&#8221;0px||30px||false|false&#8221; custom_padding_phone=&#8221;10px||10px||false|false&#8221; custom_padding_last_edited=&#8221;on|phone&#8221; border_width_top=&#8221;3px&#8221; global_colors_info=&#8221;{}&#8221; closed_toggle_font=&#8221;HelveticaNeue-Bold|700|||||||&#8221; open=&#8221;off&#8221;]<\/p>\n<p class=\"\">Mediante la identificaci\u00f3n, el monitoreo y el an\u00e1lisis de los comportamientos de las audiencias, generamos estrategias de contenido de valor y calendarizamos, publicamos y administramos de forma integral tus redes sociales.<\/p>\n<p>[\/et_pb_accordion_item][et_pb_accordion_item title=&#8221;producci\u00f3n de contenidos&#8221; _builder_version=&#8221;4.20.0&#8243; _module_preset=&#8221;default&#8221; background_enable_color=&#8221;off&#8221; custom_padding=&#8221;13px||15px||false|false&#8221; custom_padding_tablet=&#8221;0px||30px||false|false&#8221; custom_padding_phone=&#8221;10px||10px||false|false&#8221; custom_padding_last_edited=&#8221;on|phone&#8221; global_colors_info=&#8221;{}&#8221; open=&#8221;off&#8221;]<\/p>\n<p>Trabajamos en forma conjunta con distintos profesionales y colaboramos en la creaci\u00f3n de equipos adecuados, para producir contenidos de valor alineados a tu propuesta.<br \/>Desde producci\u00f3n audiovisual, dise\u00f1o gr\u00e1fico hasta fotograf\u00eda e ilustraci\u00f3n.<\/p>\n<p>[\/et_pb_accordion_item][et_pb_accordion_item title=&#8221;planificaci\u00f3n estrat\u00e9gica&#8221; _builder_version=&#8221;4.20.0&#8243; _module_preset=&#8221;default&#8221; background_enable_color=&#8221;off&#8221; custom_padding=&#8221;13px||15px||false|false&#8221; custom_padding_tablet=&#8221;0px||30px||false|false&#8221; custom_padding_phone=&#8221;10px||10px||false|false&#8221; custom_padding_last_edited=&#8221;on|phone&#8221; global_colors_info=&#8221;{}&#8221; open=&#8221;off&#8221;]<\/p>\n<div class=\"accordion-icon-container\" data-is-open=\"false\" aria-hidden=\"true\">\n<div class=\"plus\">\n<div class=\"plus__vertical-line\">Investigamos y analizamos lo que pasa en tus redes sociales y su segmento en particular, para desarrollar estrategias que permitan alcanzar resultados y optimizar tus recursos, incluyendo la conceptualizaci\u00f3n, la calendarizaci\u00f3n, el tipo de contenidos, la b\u00fasqueda de referencias y su aplicaci\u00f3n, la implementaci\u00f3n de pauta, entre otros aspectos.<\/div>\n<\/div>\n<\/div>\n<p>[\/et_pb_accordion_item][et_pb_accordion_item title=&#8221;influencer marketing&#8221; _builder_version=&#8221;4.20.0&#8243; _module_preset=&#8221;default&#8221; background_enable_color=&#8221;off&#8221; custom_padding=&#8221;13px||15px||false|false&#8221; custom_padding_tablet=&#8221;0px||30px||false|false&#8221; custom_padding_phone=&#8221;10px||10px||false|false&#8221; custom_padding_last_edited=&#8221;on|phone&#8221; global_colors_info=&#8221;{}&#8221; open=&#8221;off&#8221;]<\/p>\n<p>Planificaci\u00f3n y realizaci\u00f3n de acciones con influencers para promover un producto espec\u00edfico, potenciar campa\u00f1as desde el entorno de redes, o cualquier otra propuesta que tu marca quiera difundir.<\/p>\n<p>[\/et_pb_accordion_item][et_pb_accordion_item title=&#8221;cobertura de eventos&#8221; _builder_version=&#8221;4.20.0&#8243; _module_preset=&#8221;default&#8221; background_enable_color=&#8221;off&#8221; custom_padding=&#8221;13px||15px||false|false&#8221; custom_padding_tablet=&#8221;0px||30px||false|false&#8221; custom_padding_phone=&#8221;10px||10px||false|false&#8221; custom_padding_last_edited=&#8221;on|phone&#8221; global_colors_info=&#8221;{}&#8221; open=&#8221;off&#8221;]<\/p>\n<p>Generaci\u00f3n de contenidos y publicaci\u00f3n en vivo en redes sociales durante eventos, acciones, viajes y jornadas de contenidos para que tu comunidad pueda vivir y ser parte de esas experiencias donde sea que est\u00e9n.<\/p>\n<p>[\/et_pb_accordion_item][et_pb_accordion_item title=&#8221;capacitaciones &#038; formaci\u00f3n&#8221; _builder_version=&#8221;4.20.0&#8243; _module_preset=&#8221;default&#8221; background_enable_color=&#8221;off&#8221; custom_padding=&#8221;13px||15px||false|false&#8221; custom_padding_tablet=&#8221;0px||30px||false|false&#8221; custom_padding_phone=&#8221;10px||10px||false|false&#8221; custom_padding_last_edited=&#8221;on|phone&#8221; global_colors_info=&#8221;{}&#8221; open=&#8221;off&#8221;]<\/p>\n<p>Desarrollamos propuestas de capacitaci\u00f3n espec\u00edficas sobre el uso de las diferentes redes -como es el entorno digital-, adecu\u00e1ndolas a lo que la marca y\/o negocio necesite.<\/p>\n<p>[\/et_pb_accordion_item][\/et_pb_accordion][\/et_pb_column][et_pb_column type=&#8221;1_2&#8243; _builder_version=&#8221;4.20.0&#8243; _module_preset=&#8221;default&#8221; global_colors_info=&#8221;{}&#8221;][et_pb_image title_text=&#8221;Video Proyectos Realizados&#8221; align=&#8221;center&#8221; _builder_version=&#8221;4.20.0&#8243; _module_preset=&#8221;default&#8221; background_video_mp4=&#8221;http:\/\/thebarkagency.ar\/wp-content\/uploads\/2023\/03\/IMG_2835-1.mp4&#8243; width=&#8221;500px&#8221; custom_margin=&#8221;0px||||false|false&#8221; custom_margin_tablet=&#8221;80px||||false|false&#8221; custom_margin_phone=&#8221;50px||||false|false&#8221; custom_margin_last_edited=&#8221;on|phone&#8221; custom_padding=&#8221;500px||||false|false&#8221; hover_enabled=&#8221;0&#8243; global_colors_info=&#8221;{}&#8221; width_last_edited=&#8221;on|phone&#8221; width_phone=&#8221;350px&#8221; custom_padding_last_edited=&#8221;on|phone&#8221; custom_padding_phone=&#8221;350px||||false|false&#8221; sticky_enabled=&#8221;0&#8243; width_tablet=&#8221;500px&#8221; custom_padding_tablet=&#8221;500px||||false|false&#8221;][\/et_pb_image][\/et_pb_column][\/et_pb_row][\/et_pb_section][et_pb_section fb_built=&#8221;1&#8243; _builder_version=&#8221;4.20.0&#8243; _module_preset=&#8221;default&#8221; background_color=&#8221;#FFFF01&#8243; custom_padding=&#8221;30px||30px||false|false&#8221; global_colors_info=&#8221;{}&#8221;][et_pb_row _builder_version=&#8221;4.20.0&#8243; _module_preset=&#8221;default&#8221; width=&#8221;90%&#8221; max_width=&#8221;2560px&#8221; global_colors_info=&#8221;{}&#8221;][et_pb_column type=&#8221;4_4&#8243; _builder_version=&#8221;4.20.0&#8243; _module_preset=&#8221;default&#8221; global_colors_info=&#8221;{}&#8221;][et_pb_text _builder_version=&#8221;4.20.0&#8243; _module_preset=&#8221;default&#8221; text_font=&#8221;|700|||||||&#8221; text_text_color=&#8221;#000000&#8243; text_font_size=&#8221;70px&#8221; text_line_height=&#8221;1em&#8221; header_font_size=&#8221;70px&#8221; custom_padding=&#8221;||30px||false|false&#8221; hover_enabled=&#8221;0&#8243; text_font_size_tablet=&#8221;80px&#8221; text_font_size_phone=&#8221;50px&#8221; text_font_size_last_edited=&#8221;on|phone&#8221; global_colors_info=&#8221;{}&#8221; header_font_size_last_edited=&#8221;on|phone&#8221; header_font_size_phone=&#8221;45px&#8221; sticky_enabled=&#8221;0&#8243; header_font_size_tablet=&#8221;70px&#8221;]<\/p>\n<h1>trabajamos con:<\/h1>\n<p>[\/et_pb_text][dipl_logo_slider logo_per_slide=&#8221;8&#8243; space_between_slides=&#8221;20px&#8221; slider_loop=&#8221;on&#8221; show_arrow=&#8221;off&#8221; show_control_dot=&#8221;off&#8221; logo_per_slide_tablet=&#8221;3&#8243; logo_per_slide_phone=&#8221;2&#8243; logo_per_slide_last_edited=&#8221;on|phone&#8221; space_between_slides_tablet=&#8221;20px&#8221; space_between_slides_phone=&#8221;10px&#8221; space_between_slides_last_edited=&#8221;on|phone&#8221; _builder_version=&#8221;4.20.0&#8243; _module_preset=&#8221;default&#8221; global_colors_info=&#8221;{}&#8221;][dipl_logo_slider_item logo_alt=&#8221;Logo Az\u00facar Ledesma&#8221; upload_logo_image=&#8221;http:\/\/thebarkagency.ar\/wp-content\/uploads\/2023\/03\/AZUCAR-LEDESMA-NEGRO.png&#8221; _builder_version=&#8221;4.20.0&#8243; _module_preset=&#8221;default&#8221; link_option_url=&#8221;https:\/\/azucarledesma.com\/&#8221; link_option_url_new_window=&#8221;on&#8221; global_colors_info=&#8221;{}&#8221;][\/dipl_logo_slider_item][dipl_logo_slider_item logo_alt=&#8221;Logo Ledesma Cero&#8221; upload_logo_image=&#8221;http:\/\/thebarkagency.ar\/wp-content\/uploads\/2023\/03\/LEDESMA-CERO-NEGRO.png&#8221; _builder_version=&#8221;4.20.0&#8243; _module_preset=&#8221;default&#8221; link_option_url=&#8221;https:\/\/ledesmacero.com\/&#8221; link_option_url_new_window=&#8221;on&#8221; global_colors_info=&#8221;{}&#8221;][\/dipl_logo_slider_item][dipl_logo_slider_item logo_alt=&#8221;Logo Q\u00fcint&#8221; upload_logo_image=&#8221;http:\/\/thebarkagency.ar\/wp-content\/uploads\/2023\/03\/QUINT-NEGRO.png&#8221; _builder_version=&#8221;4.20.0&#8243; _module_preset=&#8221;default&#8221; link_option_url=&#8221;https:\/\/quint.com.ar\/&#8221; link_option_url_new_window=&#8221;on&#8221; global_colors_info=&#8221;{}&#8221;][\/dipl_logo_slider_item][dipl_logo_slider_item logo_alt=&#8221;Logo Alma Keto&#8221; upload_logo_image=&#8221;http:\/\/thebarkagency.ar\/wp-content\/uploads\/2023\/03\/ALMA-KETO-NEGRO.png&#8221; _builder_version=&#8221;4.20.0&#8243; _module_preset=&#8221;default&#8221; link_option_url=&#8221;https:\/\/www.instagram.com\/almaketo.ba\/&#8221; link_option_url_new_window=&#8221;on&#8221; global_colors_info=&#8221;{}&#8221;][\/dipl_logo_slider_item][dipl_logo_slider_item logo_alt=&#8221;Logo Natuplus&#8221; upload_logo_image=&#8221;http:\/\/thebarkagency.ar\/wp-content\/uploads\/2023\/03\/NATUPLUS-NEGRO-Y-AMARILLO.png&#8221; _builder_version=&#8221;4.20.0&#8243; _module_preset=&#8221;default&#8221; link_option_url=&#8221;http:\/\/natuplus.com.ar\/&#8221; link_option_url_new_window=&#8221;on&#8221; global_colors_info=&#8221;{}&#8221;][\/dipl_logo_slider_item][dipl_logo_slider_item logo_alt=&#8221;Logo Calilegua&#8221; upload_logo_image=&#8221;http:\/\/thebarkagency.ar\/wp-content\/uploads\/2023\/03\/CALILEGUA-NEGRO.png&#8221; _builder_version=&#8221;4.20.0&#8243; _module_preset=&#8221;default&#8221; link_option_url=&#8221;https:\/\/www.instagram.com\/somos.calilegua\/&#8221; link_option_url_new_window=&#8221;on&#8221; global_colors_info=&#8221;{}&#8221;][\/dipl_logo_slider_item][dipl_logo_slider_item logo_alt=&#8221;Logo Imas Flights&#8221; upload_logo_image=&#8221;http:\/\/thebarkagency.ar\/wp-content\/uploads\/2023\/03\/IMAS-FLIGHTS-NEGRO.png&#8221; _builder_version=&#8221;4.20.0&#8243; _module_preset=&#8221;default&#8221; link_option_url=&#8221;https:\/\/imas.com.ar\/&#8221; link_option_url_new_window=&#8221;on&#8221; global_colors_info=&#8221;{}&#8221;][\/dipl_logo_slider_item][dipl_logo_slider_item logo_alt=&#8221;Logo Gachi Prieto&#8221; upload_logo_image=&#8221;http:\/\/thebarkagency.ar\/wp-content\/uploads\/2023\/03\/GACHI-PRIETO-NEGRO.png&#8221; _builder_version=&#8221;4.20.0&#8243; _module_preset=&#8221;default&#8221; link_option_url=&#8221;https:\/\/www.gachiprieto.com\/&#8221; link_option_url_new_window=&#8221;on&#8221; global_colors_info=&#8221;{}&#8221;][\/dipl_logo_slider_item][dipl_logo_slider_item logo_alt=&#8221;Logo PAC&#8221; upload_logo_image=&#8221;http:\/\/thebarkagency.ar\/wp-content\/uploads\/2023\/03\/PROYECTO-PAC-NEGRO.png&#8221; _builder_version=&#8221;4.20.0&#8243; _module_preset=&#8221;default&#8221; link_option_url=&#8221;http:\/\/www.proyectopac.com\/&#8221; link_option_url_new_window=&#8221;on&#8221; global_colors_info=&#8221;{}&#8221;][\/dipl_logo_slider_item][dipl_logo_slider_item logo_alt=&#8221;Logo LAB&#8221; upload_logo_image=&#8221;http:\/\/thebarkagency.ar\/wp-content\/uploads\/2023\/03\/LAB-TOSTADORES-NEGRO.png&#8221; _builder_version=&#8221;4.20.0&#8243; _module_preset=&#8221;default&#8221; link_option_url=&#8221;https:\/\/shop.labcafe.com.ar\/&#8221; link_option_url_new_window=&#8221;on&#8221; global_colors_info=&#8221;{}&#8221;][\/dipl_logo_slider_item][dipl_logo_slider_item logo_alt=&#8221;Logo Cacao Roasters&#8221; upload_logo_image=&#8221;http:\/\/thebarkagency.ar\/wp-content\/uploads\/2023\/03\/CACAO-ROASTERS-NEGRO.png&#8221; _builder_version=&#8221;4.20.0&#8243; _module_preset=&#8221;default&#8221; link_option_url=&#8221;https:\/\/www.instagram.com\/cacaoroasters\/&#8221; link_option_url_new_window=&#8221;on&#8221; global_colors_info=&#8221;{}&#8221;][\/dipl_logo_slider_item][\/dipl_logo_slider][\/et_pb_column][\/et_pb_row][\/et_pb_section]<\/p>\n","protected":false},"excerpt":{"rendered":"<p>\u00bfqu\u00e9 hacemos?Mediante la identificaci\u00f3n, el monitoreo y el an\u00e1lisis de los comportamientos de las audiencias, generamos estrategias de contenido de valor y calendarizamos, publicamos y administramos de forma integral tus redes sociales.Trabajamos en forma conjunta con distintos profesionales y colaboramos en la creaci\u00f3n de equipos adecuados, para producir contenidos de valor alineados a tu propuesta.Desde [&hellip;]<\/p>\n","protected":false},"author":1,"featured_media":0,"parent":0,"menu_order":0,"comment_status":"closed","ping_status":"open","template":"","meta":{"_et_pb_use_builder":"on","_et_pb_old_content":"<!-- wp:paragraph -->\n<p>Esta es una p\u00e1gina de ejemplo. Es diferente a una entrada del blog porque permanecer\u00e1 en un solo lugar y aparecer\u00e1 en la navegaci\u00f3n de tu sitio (en la mayor\u00eda de los temas). La mayor\u00eda de las personas comienzan con una p\u00e1gina \u00abAcerca de\u00bb que les presenta a los visitantes potenciales del sitio. Podr\u00edas decir algo as\u00ed:<\/p>\n<!-- \/wp:paragraph -->\n\n<!-- wp:quote -->\n<blockquote class=\"wp-block-quote\"><p>\u00a1Bienvenido! Soy camarero de d\u00eda, aspirante a actor de noche y esta es mi web. Vivo en Mairena del Alcor, tengo un perro que se llama Firulais y me gusta el rebujito. (Y las tardes largas con caf\u00e9).<\/p><\/blockquote>\n<!-- \/wp:quote -->\n\n<!-- wp:paragraph -->\n<p>\u2026o algo as\u00ed:<\/p>\n<!-- \/wp:paragraph -->\n\n<!-- wp:quote -->\n<blockquote class=\"wp-block-quote\"><p>La empresa \u00abMariscos Recio\u00bb fue fundada por Antonio Recio Mata. Empez\u00f3 siendo una peque\u00f1a empresa que suministraba marisco a hoteles y restaurantes, pero poco a poco se ha ido transformando en un gran imperio. Mariscos Recio, el mar al mejor precio.<\/p><\/blockquote>\n<!-- \/wp:quote -->\n\n<!-- wp:paragraph -->\n<p>Como nuevo usuario de WordPress, deber\u00edas ir a <a href=\"http:\/\/thebarkagency.ar\/wp-admin\/\">tu escritorio<\/a> para borrar esta p\u00e1gina y crear nuevas p\u00e1ginas para tu contenido. \u00a1P\u00e1salo bien!<\/p>\n<!-- \/wp:paragraph -->","_et_gb_content_width":""},"_links":{"self":[{"href":"https:\/\/www.thebarkagency.ar\/index.php?rest_route=\/wp\/v2\/pages\/2"}],"collection":[{"href":"https:\/\/www.thebarkagency.ar\/index.php?rest_route=\/wp\/v2\/pages"}],"about":[{"href":"https:\/\/www.thebarkagency.ar\/index.php?rest_route=\/wp\/v2\/types\/page"}],"author":[{"embeddable":true,"href":"https:\/\/www.thebarkagency.ar\/index.php?rest_route=\/wp\/v2\/users\/1"}],"replies":[{"embeddable":true,"href":"https:\/\/www.thebarkagency.ar\/index.php?rest_route=%2Fwp%2Fv2%2Fcomments&post=2"}],"version-history":[{"count":75,"href":"https:\/\/www.thebarkagency.ar\/index.php?rest_route=\/wp\/v2\/pages\/2\/revisions"}],"predecessor-version":[{"id":204,"href":"https:\/\/www.thebarkagency.ar\/index.php?rest_route=\/wp\/v2\/pages\/2\/revisions\/204"}],"wp:attachment":[{"href":"https:\/\/www.thebarkagency.ar\/index.php?rest_route=%2Fwp%2Fv2%2Fmedia&parent=2"}],"curies":[{"name":"wp","href":"https:\/\/api.w.org\/{rel}","templated":true}]}}